{"id":1302,"date":"2019-04-18T08:46:12","date_gmt":"2019-04-18T06:46:12","guid":{"rendered":"http:\/\/localhost\/waueffekt\/?page_id=1302"},"modified":"2022-02-28T08:11:05","modified_gmt":"2022-02-28T07:11:05","slug":"rechtliche-hinweise","status":"publish","type":"page","link":"https:\/\/wau-effekt.net\/waueffekt\/rechtliche-hinweise\/","title":{"rendered":"Rechtliche Hinweise"},"content":{"rendered":"<p><div class=\"fusion-fullwidth fullwidth-box fusion-builder-row-1 nonhundred-percent-fullwidth non-hundred-percent-height-scrolling\" style=\"background-color: rgba(255,255,255,0);background-position: center center;background-repeat: no-repeat;padding-top:0px;padding-right:0px;padding-bottom:0px;padding-left:0px;margin-bottom: 0px;margin-top: 0px;border-width: 0px 0px 0px 0px;border-color:#eae9e9;border-style:solid;\" id=\"rechtshinweise\" ><div class=\"fusion-builder-row fusion-row\"><div class=\"fusion-layout-column fusion_builder_column fusion-builder-column-0 fusion_builder_column_1_1 1_1 fusion-one-full fusion-column-first fusion-column-last\" style=\"margin-top:0px;margin-bottom:10px;\"><div class=\"fusion-column-wrapper fusion-flex-column-wrapper-legacy\" style=\"background-position:left top;background-repeat:no-repeat;-webkit-background-size:cover;-moz-background-size:cover;-o-background-size:cover;background-size:cover;padding: 0px 0px 0px 0px;\"><div class=\"fusion-text fusion-text-1\"><h1>Rechtliche Hinweise<\/h1>\n<\/div><div class=\"fusion-clearfix\"><\/div><\/div><\/div><\/div><\/div><div class=\"fusion-fullwidth fullwidth-box fusion-builder-row-2 nonhundred-percent-fullwidth non-hundred-percent-height-scrolling\" style=\"background-color: rgba(255,255,255,0);background-position: center center;background-repeat: no-repeat;padding-top:0px;padding-right:0px;padding-bottom:0px;padding-left:0px;margin-bottom: 0px;margin-top: 0px;border-width: 0px 0px 0px 0px;border-color:#eae9e9;border-style:solid;\" id=\"rechtshinweise\" ><div class=\"fusion-builder-row fusion-row\"><div class=\"fusion-layout-column fusion_builder_column fusion-builder-column-1 fusion_builder_column_1_2 1_2 fusion-one-half fusion-column-first\" style=\"width:50%;width:calc(50% - ( ( 4% ) * 0.5 ) );margin-right: 4%;margin-top:0px;margin-bottom:10px;\"><div class=\"fusion-column-wrapper fusion-flex-column-wrapper-legacy\" style=\"background-position:left top;background-repeat:no-repeat;-webkit-background-size:cover;-moz-background-size:cover;-o-background-size:cover;background-size:cover;padding: 0px 0px 0px 0px;\"><div class=\"fusion-text fusion-text-2\"><p><b>1. Inhalt des Onlineangebotes<\/b><br \/>\nDer Autor \u00fcbernimmt keinerlei Gew\u00e4hr f\u00fcr die Aktualit\u00e4t, Korrektheit, Vollst\u00e4ndigkeit oder Qualit\u00e4t der bereitgestellten Informationen. Haftungsanspr\u00fcche gegen den Autor, welche sich auf Sch\u00e4den materieller oder ideeller Art beziehen, die durch die Nutzung oder Nichtnutzung der dargebotenen Informationen bzw. durch die Nutzung fehlerhafter und unvollst\u00e4ndiger Informationen verursacht wurden, sind grunds\u00e4tzlich ausgeschlossen, sofern seitens des Autors kein nachweislich vors\u00e4tzliches oder grob fahrl\u00e4ssiges Verschulden vorliegt. Alle Angebote sind freibleibend und unverbindlich. Der Autor beh\u00e4lt es sich ausdr\u00fccklich vor, Teile der Seiten oder das gesamte Angebot ohne gesonderte Ank\u00fcndigung zu ver\u00e4ndern, zu erg\u00e4nzen, zu l\u00f6schen oder die Ver\u00f6ffentlichung zeitweise oder endg\u00fcltig einzustellen.<\/p>\n<p><b>2. Verweise und Links<\/b><br \/>\nBei direkten oder indirekten Verweisen auf fremde Webseiten (&#8222;Hyperlinks&#8220;), die au\u00dferhalb des Verantwortungsbereiches des Autors liegen, w\u00fcrde eine Haftungsverpflichtung ausschlie\u00dflich in dem Fall in Kraft treten, in dem der Autor von den Inhalten Kenntnis hat und es ihm technisch m\u00f6glich und zumutbar w\u00e4re, die Nutzung im Falle rechtswidriger Inhalte zu verhindern.<\/p>\n<p>Der Autor erkl\u00e4rt hiermit ausdr\u00fccklich, dass zum Zeitpunkt der Linksetzung keine illegalen Inhalte auf den zu verlinkenden Seiten erkennbar waren. Auf die aktuelle und zuk\u00fcnftige Gestaltung, die Inhalte oder die Urheberschaft der verlinkten\/verkn\u00fcpften Seiten hat der Autor keinerlei Einfluss. Deshalb distanziert er sich hiermit ausdr\u00fccklich von allen Inhalten aller verlinkten \/verkn\u00fcpften Seiten, die nach der Linksetzung ver\u00e4ndert wurden. Diese Feststellung gilt f\u00fcr alle innerhalb des eigenen Internetangebotes gesetzten Links und Verweise sowie f\u00fcr Fremdeintr\u00e4ge in vom Autor eingerichteten G\u00e4steb\u00fcchern, Diskussionsforen, Linkverzeichnissen, Mailinglisten und in allen anderen Formen von Datenbanken, auf deren Inhalt externe Schreibzugriffe m\u00f6glich sind. F\u00fcr illegale, fehlerhafte oder unvollst\u00e4ndige Inhalte und insbesondere f\u00fcr Sch\u00e4den, die aus der Nutzung oder Nichtnutzung solcherart dargebotener Informationen entstehen, haftet allein der Anbieter der Seite, auf welche verwiesen wurde, nicht derjenige, der \u00fcber Links auf die jeweilige Ver\u00f6ffentlichung lediglich verweist.<\/p>\n<p><b>3. Urheber- und Kennzeichenrecht<\/b><br \/>\nDer Autor ist bestrebt, in allen Publikationen die Urheberrechte der verwendeten Bilder, Grafiken, Tondokumente, Videosequenzen und Texte zu beachten, von ihm selbst erstellte Bilder, Grafiken, Tondokumente, Videosequenzen und Texte zu nutzen oder auf lizenzfreie Grafiken, Tondokumente, Videosequenzen und Texte zur\u00fcckzugreifen. Alle innerhalb des Internetangebotes genannten und ggf. durch Dritte gesch\u00fctzten Marken- und Warenzeichen unterliegen uneingeschr\u00e4nkt den Bestimmungen des jeweils g\u00fcltigen Kennzeichenrechts und den Besitzrechten der jeweiligen eingetragenen Eigent\u00fcmer. Allein aufgrund der blo\u00dfen Nennung ist nicht der Schluss zu ziehen, dass Markenzeichen nicht durch Rechte Dritter gesch\u00fctzt sind!<\/p>\n<p>Das Copyright f\u00fcr ver\u00f6ffentlichte, vom Autor selbst erstellte Objekte bleibt allein beim Autor der Seiten. Eine Vervielf\u00e4ltigung oder Verwendung solcher Grafiken, Tondokumente, Videosequenzen und Texte in anderen elektronischen oder gedruckten Publikationen ist ohne ausdr\u00fcckliche Zustimmung des Autors nicht gestattet.<\/p>\n<p><b>4. Datenschutz<\/b><br \/>\nSofern innerhalb des Internetangebotes die M\u00f6glichkeit zur Eingabe pers\u00f6nlicher oder gesch\u00e4ftlicher Daten (Emailadressen, Namen, Anschriften) besteht, so erfolgt die Preisgabe dieser Daten seitens des Nutzers auf ausdr\u00fccklich freiwilliger Basis. Die Inanspruchnahme und Bezahlung aller angebotenen Dienste ist &#8211; soweit technisch m\u00f6glich und zumutbar &#8211; auch ohne Angabe solcher Daten bzw. unter Angabe anonymisierter Daten oder eines Pseudonyms gestattet. Die Nutzung der im Rahmen des Impressums oder vergleichbarer Angaben ver\u00f6ffentlichten Kontaktdaten wie Postanschriften, Telefon- und Faxnummern sowie Emailadressen durch Dritte zur \u00fcbersendung von nicht ausdr\u00fccklich angeforderten Informationen ist nicht gestattet. Rechtliche Schritte gegen die Versender von sogenannten Spam-Mails bei Verst\u00f6ssen gegen dieses Verbot sind ausdr\u00fccklich vorbehalten.<\/p>\n<p><b>5. Rechtswirksamkeit dieses Haftungsausschlusses<\/b><br \/>\nDieser Haftungsausschluss ist als Teil des Internetangebotes zu betrachten, von dem aus auf diese Seite verwiesen wurde. Sofern Teile oder einzelne Formulierungen dieses Textes der geltenden Rechtslage nicht, nicht mehr oder nicht vollst\u00e4ndig entsprechen sollten, bleiben die \u00fcbrigen Teile des Dokumentes in ihrem Inhalt und ihrer G\u00fcltigkeit davon unber\u00fchrt.<\/p>\n<\/div><div class=\"fusion-clearfix\"><\/div><\/div><\/div><div class=\"fusion-layout-column fusion_builder_column fusion-builder-column-2 fusion_builder_column_1_2 1_2 fusion-one-half fusion-column-last\" style=\"width:50%;width:calc(50% - ( ( 4% ) * 0.5 ) );margin-top:0px;margin-bottom:10px;\"><div class=\"fusion-column-wrapper fusion-flex-column-wrapper-legacy\" style=\"background-position:left top;background-repeat:no-repeat;-webkit-background-size:cover;-moz-background-size:cover;-o-background-size:cover;background-size:cover;padding: 0px 0px 0px 0px;\"><div class=\"fusion-text fusion-text-3\"><p><b>6. Hinweis zu Google Analytics<\/b><br \/>\nDiese Website benutzt Google Analytics, einen Webanalysedienst der Google Inc. (&#8222;Google&#8220;) Google Analytics verwendet sog. &#8222;Cookies&#8220;, Textdateien, die auf Ihrem Computer gespeichert werden und die eine Analyse der Benutzung der Website durch Sie erm\u00f6glicht. Die durch den Cookie erzeugten Informationen \u00fcber Ihre Benutzung diese Website (einschlie\u00dflich Ihrer IP-Adresse) wird an einen Server von Google in den USA \u00fcbertragen und dort gespeichert. Google wird diese Informationen benutzen, um Ihre Nutzung der Website auszuwerten, um Reports \u00fcber die Websiteaktivit\u00e4ten f\u00fcr die Websitebetreiber zusammenzustellen und um weitere mit der Websitenutzung und der Internetnutzung verbundene Dienstleistungen zu erbringen. Auch wird Google diese Informationen gegebenenfalls an Dritte \u00fcbertragen, sofern dies gesetzlich vorgeschrieben oder soweit Dritte diese Daten im Auftrag von Google verarbeiten. Google wird in keinem Fall Ihre IP-Adresse mit anderen Daten der Google in Verbindung bringen. Sie k\u00f6nnen die Installation der Cookies durch eine entsprechende Einstellung Ihrer Browser Software verhindern; wir weisen Sie jedoch darauf hin, dass Sie in diesem Fall gegebenenfalls nicht s\u00e4mtliche Funktionen dieser Website voll umf\u00e4nglich nutzen k\u00f6nnen. Durch die Nutzung dieser Website erkl\u00e4ren Sie sich mit der Bearbeitung der \u00fcber Sie erhobenen Daten durch Google in der zuvor beschriebenen Art und Weise und zu dem zuvor benannten Zweck einverstanden. (Quelle: <a href=\"https:\/\/www.google.com\/intl\/de\/policies\/terms\/\" target=\"_blank\" rel=\"noopener noreferrer\">Nutzungsbedingungen von Google Analytics<\/a>)<\/p>\n<p><b>7. Social Plugins (Facebook)<\/b><br \/>\nUnser Internetauftritt verwendet Social Plugins (&#8222;Plugins&#8220;&#8220;) des sozialen Netzwerkes facebook.com, welches von der Facebook Inc., 1601 South California Avenue, Palo Alto, CA 94304, USA betrieben wird (&#8222;Facebook&#8220;). Die Plugins sind an einem der Facebook Logos erkennbar (wei\u00dfes &#8222;f&#8220; auf blauer Kachel oder ein &#8222;Daumen hoch&#8220;-Zeichen) oder sind mit dem Zusatz &#8222;Facebook Social Plugin&#8220;&#8220; gekennzeichnet. Die Liste und das Aussehen der Facebook Social Plugins kann hier eingesehen werden.<\/p>\n<p>Bei jedem Aufruf einer Webseite unserer Internetpr\u00e4senz, die mit einem solchen Plugin versehen ist, veranlasst das Plugin, dass der von Ihnen verwendete Browser die optische Darstellung des Plugins vom Facebook-Server l\u00e4dt und darstellt. Dabei wird dem Facebook-Server mitgeteilt, welche bestimmte Webseite unserer Internetpr\u00e4senz Sie gerade besuchen sowie weitere Daten wie Ihre IP-Adresse \u00fcbermittelt.<\/p>\n<p>Um einen angemessenen Datenschutzstandard unseres Internetauftritts zu gew\u00e4hrleisten, haben wir deshalb zugeh\u00f6rige Buttons zun\u00e4chst deaktiviert und einen Facebook Hinweis vorgeschaltet. Erst wenn Sie durch Anklicken des Facebook Hinweises das Plugin nutzen m\u00f6chten und damit Ihre Zustimmung zur Kommunikation mit Facebook erkl\u00e4rt haben, werden die Buttons aktiv und stellen die Verbindung mit Facebook her.<\/p>\n<p>Erst dann baut Ihr Browser eine direkte Verbindung mit den Servern von Facebook auf. Der Inhalt des dann erscheinenden Plugins wird von Facebook direkt an Ihren Browser \u00fcbermittelt und von diesem in die Webseite eingebunden. Wir haben keinen Einfluss auf den Umfang der Daten, die Facebook mit Hilfe dieses Plugins erhebt und informieren Sie daher entsprechend \u00fcber die von Facebook ver\u00f6ffentlichten <a href=\"https:\/\/www.facebook.com\/help\/186325668085084\" target=\"_blank\" rel=\"noopener noreferrer\">Informationen<\/a>.<\/p>\n<p>Durch die Aktivierung des Plugins erh\u00e4lt Facebook die Information, dass Sie die entsprechende Seite unseres Internetauftritts aufgerufen haben. Sind Sie bei Facebook eingeloggt, kann Facebook den Besuch Ihrem Facebook-Konto zuordnen. Wenn Sie mit den Plugins interagieren, zum Beispiel den &#8222;Gef\u00e4llt mir&#8220;-Button bet\u00e4tigen oder einen Kommentar abgeben, wird die entsprechende Information von Ihrem Browser direkt an Facebook \u00fcbermittelt und dort gespeichert. Falls Sie kein Mitglied von Facebook sind, besteht nach Anklicken des Facebook Hinweises ebenso die M\u00f6glichkeit, dass Facebook Ihre IP-Adresse erhebt und speichert.<\/p>\n<p>Zweck und Umfang der Datenerhebung und die weitere Verarbeitung und Nutzung der Daten durch Facebook sowie Ihre diesbez\u00fcglichen Rechte und Einstellungsm\u00f6glichkeiten zum Schutz Ihrer Privatsph\u00e4re entnehmen Sie bitte den <a href=\"https:\/\/www.facebook.com\/policy.php\" target=\"_blank\" rel=\"noopener noreferrer\">Datenschutzhinweisen von Facebook<\/a>. Wenn Sie Facebook-Mitglied sind und nicht m\u00f6chten, dass Facebook \u00fcber unseren Internetauftritt Daten \u00fcber Sie sammelt und mit Ihren bei Facebook gespeicherten Mitgliedsdaten verkn\u00fcpft, m\u00fcssen Sie sich vor Ihrem Besuch unseres Internetauftritts und Anklicken unseres Facebook Hinweises bei Facebook ausloggen. Ebenfalls ist es m\u00f6glich, Facebook-Social-Plugins mit Erweiterungen f\u00fcr Ihren Browser zu blocken.<\/p>\n<p>Wenn Sie nicht w\u00fcnschen, dass Facebook den Besuch unserer Seiten Ihrem Facebook-Nutzerkonto zuordnen kann, loggen Sie sich bitte aus Ihrem Facebook-Benutzerkonto aus.<\/p>\n<\/div><div class=\"fusion-clearfix\"><\/div><\/div><\/div><\/div><\/div><\/p>\n","protected":false},"excerpt":{"rendered":"","protected":false},"author":1,"featured_media":0,"parent":0,"menu_order":0,"comment_status":"closed","ping_status":"closed","template":"","meta":{"footnotes":""},"class_list":["post-1302","page","type-page","status-publish","hentry"],"yoast_head":"<!-- This site is optimized with the Yoast SEO plugin v20.6 - https:\/\/yoast.com\/wordpress\/plugins\/seo\/ -->\n<title>Rechtliche Hinweise WAUEffekt<\/title>\n<meta name=\"description\" content=\"Rechtliche Hinweise: 1. Inhalt des Onlineangebotes 2. Verweise und Links 3. Urheber- und Kennzeichenrecht 4. Datenschutz\" \/>\n<meta name=\"robots\" content=\"index, follow, max-snippet:-1, max-image-preview:large, max-video-preview:-1\" \/>\n<link rel=\"canonical\" href=\"https:\/\/wau-effekt.net\/waueffekt\/rechtliche-hinweise\/\" \/>\n<meta property=\"og:locale\" content=\"de_DE\" \/>\n<meta property=\"og:type\" content=\"article\" \/>\n<meta property=\"og:title\" content=\"Rechtliche Hinweise WAUEffekt\" \/>\n<meta property=\"og:description\" content=\"Rechtliche Hinweise: 1. Inhalt des Onlineangebotes 2. Verweise und Links 3. Urheber- und Kennzeichenrecht 4. Datenschutz\" \/>\n<meta property=\"og:url\" content=\"https:\/\/wau-effekt.net\/waueffekt\/rechtliche-hinweise\/\" \/>\n<meta property=\"og:site_name\" content=\"WAUEffekt\" \/>\n<meta property=\"article:modified_time\" content=\"2022-02-28T07:11:05+00:00\" \/>\n<meta name=\"twitter:card\" content=\"summary_large_image\" \/>\n<meta name=\"twitter:label1\" content=\"Gesch\u00e4tzte Lesezeit\" \/>\n\t<meta name=\"twitter:data1\" content=\"9\u00a0Minuten\" \/>\n<script type=\"application\/ld+json\" class=\"yoast-schema-graph\">{\"@context\":\"https:\/\/schema.org\",\"@graph\":[{\"@type\":\"WebPage\",\"@id\":\"https:\/\/wau-effekt.net\/waueffekt\/rechtliche-hinweise\/\",\"url\":\"https:\/\/wau-effekt.net\/waueffekt\/rechtliche-hinweise\/\",\"name\":\"Rechtliche Hinweise WAUEffekt\",\"isPartOf\":{\"@id\":\"https:\/\/wau-effekt.net\/waueffekt\/#website\"},\"datePublished\":\"2019-04-18T06:46:12+00:00\",\"dateModified\":\"2022-02-28T07:11:05+00:00\",\"description\":\"Rechtliche Hinweise: 1. Inhalt des Onlineangebotes 2. Verweise und Links 3. Urheber- und Kennzeichenrecht 4. Datenschutz\",\"breadcrumb\":{\"@id\":\"https:\/\/wau-effekt.net\/waueffekt\/rechtliche-hinweise\/#breadcrumb\"},\"inLanguage\":\"de\",\"potentialAction\":[{\"@type\":\"ReadAction\",\"target\":[\"https:\/\/wau-effekt.net\/waueffekt\/rechtliche-hinweise\/\"]}]},{\"@type\":\"BreadcrumbList\",\"@id\":\"https:\/\/wau-effekt.net\/waueffekt\/rechtliche-hinweise\/#breadcrumb\",\"itemListElement\":[{\"@type\":\"ListItem\",\"position\":1,\"name\":\"Startseite\",\"item\":\"https:\/\/wau-effekt.net\/waueffekt\/\"},{\"@type\":\"ListItem\",\"position\":2,\"name\":\"Rechtliche Hinweise\"}]},{\"@type\":\"WebSite\",\"@id\":\"https:\/\/wau-effekt.net\/waueffekt\/#website\",\"url\":\"https:\/\/wau-effekt.net\/waueffekt\/\",\"name\":\"WAUEffekt\",\"description\":\"Hundesalon und Hundepflege Sandra Busse\",\"publisher\":{\"@id\":\"https:\/\/wau-effekt.net\/waueffekt\/#\/schema\/person\/53bc278020aee875802f8ed66bbc1b5a\"},\"potentialAction\":[{\"@type\":\"SearchAction\",\"target\":{\"@type\":\"EntryPoint\",\"urlTemplate\":\"https:\/\/wau-effekt.net\/waueffekt\/?s={search_term_string}\"},\"query-input\":\"required name=search_term_string\"}],\"inLanguage\":\"de\"},{\"@type\":[\"Person\",\"Organization\"],\"@id\":\"https:\/\/wau-effekt.net\/waueffekt\/#\/schema\/person\/53bc278020aee875802f8ed66bbc1b5a\",\"name\":\"Marc-Oliver M\u00fcnster\",\"image\":{\"@type\":\"ImageObject\",\"inLanguage\":\"de\",\"@id\":\"https:\/\/wau-effekt.net\/waueffekt\/#\/schema\/person\/image\/\",\"url\":\"https:\/\/secure.gravatar.com\/avatar\/ce4240c9a9ef355cdba3a1c52fd710c9995690b6c39218da16eb63adf480945c?s=96&d=mm&r=g\",\"contentUrl\":\"https:\/\/secure.gravatar.com\/avatar\/ce4240c9a9ef355cdba3a1c52fd710c9995690b6c39218da16eb63adf480945c?s=96&d=mm&r=g\",\"caption\":\"Marc-Oliver M\u00fcnster\"},\"logo\":{\"@id\":\"https:\/\/wau-effekt.net\/waueffekt\/#\/schema\/person\/image\/\"}}]}<\/script>\n<!-- \/ Yoast SEO plugin. -->","yoast_head_json":{"title":"Rechtliche Hinweise WAUEffekt","description":"Rechtliche Hinweise: 1. Inhalt des Onlineangebotes 2. Verweise und Links 3. Urheber- und Kennzeichenrecht 4. Datenschutz","robots":{"index":"index","follow":"follow","max-snippet":"max-snippet:-1","max-image-preview":"max-image-preview:large","max-video-preview":"max-video-preview:-1"},"canonical":"https:\/\/wau-effekt.net\/waueffekt\/rechtliche-hinweise\/","og_locale":"de_DE","og_type":"article","og_title":"Rechtliche Hinweise WAUEffekt","og_description":"Rechtliche Hinweise: 1. Inhalt des Onlineangebotes 2. Verweise und Links 3. Urheber- und Kennzeichenrecht 4. Datenschutz","og_url":"https:\/\/wau-effekt.net\/waueffekt\/rechtliche-hinweise\/","og_site_name":"WAUEffekt","article_modified_time":"2022-02-28T07:11:05+00:00","twitter_card":"summary_large_image","twitter_misc":{"Gesch\u00e4tzte Lesezeit":"9\u00a0Minuten"},"schema":{"@context":"https:\/\/schema.org","@graph":[{"@type":"WebPage","@id":"https:\/\/wau-effekt.net\/waueffekt\/rechtliche-hinweise\/","url":"https:\/\/wau-effekt.net\/waueffekt\/rechtliche-hinweise\/","name":"Rechtliche Hinweise WAUEffekt","isPartOf":{"@id":"https:\/\/wau-effekt.net\/waueffekt\/#website"},"datePublished":"2019-04-18T06:46:12+00:00","dateModified":"2022-02-28T07:11:05+00:00","description":"Rechtliche Hinweise: 1. Inhalt des Onlineangebotes 2. Verweise und Links 3. Urheber- und Kennzeichenrecht 4. Datenschutz","breadcrumb":{"@id":"https:\/\/wau-effekt.net\/waueffekt\/rechtliche-hinweise\/#breadcrumb"},"inLanguage":"de","potentialAction":[{"@type":"ReadAction","target":["https:\/\/wau-effekt.net\/waueffekt\/rechtliche-hinweise\/"]}]},{"@type":"BreadcrumbList","@id":"https:\/\/wau-effekt.net\/waueffekt\/rechtliche-hinweise\/#breadcrumb","itemListElement":[{"@type":"ListItem","position":1,"name":"Startseite","item":"https:\/\/wau-effekt.net\/waueffekt\/"},{"@type":"ListItem","position":2,"name":"Rechtliche Hinweise"}]},{"@type":"WebSite","@id":"https:\/\/wau-effekt.net\/waueffekt\/#website","url":"https:\/\/wau-effekt.net\/waueffekt\/","name":"WAUEffekt","description":"Hundesalon und Hundepflege Sandra Busse","publisher":{"@id":"https:\/\/wau-effekt.net\/waueffekt\/#\/schema\/person\/53bc278020aee875802f8ed66bbc1b5a"},"potentialAction":[{"@type":"SearchAction","target":{"@type":"EntryPoint","urlTemplate":"https:\/\/wau-effekt.net\/waueffekt\/?s={search_term_string}"},"query-input":"required name=search_term_string"}],"inLanguage":"de"},{"@type":["Person","Organization"],"@id":"https:\/\/wau-effekt.net\/waueffekt\/#\/schema\/person\/53bc278020aee875802f8ed66bbc1b5a","name":"Marc-Oliver M\u00fcnster","image":{"@type":"ImageObject","inLanguage":"de","@id":"https:\/\/wau-effekt.net\/waueffekt\/#\/schema\/person\/image\/","url":"https:\/\/secure.gravatar.com\/avatar\/ce4240c9a9ef355cdba3a1c52fd710c9995690b6c39218da16eb63adf480945c?s=96&d=mm&r=g","contentUrl":"https:\/\/secure.gravatar.com\/avatar\/ce4240c9a9ef355cdba3a1c52fd710c9995690b6c39218da16eb63adf480945c?s=96&d=mm&r=g","caption":"Marc-Oliver M\u00fcnster"},"logo":{"@id":"https:\/\/wau-effekt.net\/waueffekt\/#\/schema\/person\/image\/"}}]}},"_links":{"self":[{"href":"https:\/\/wau-effekt.net\/waueffekt\/wp-json\/wp\/v2\/pages\/1302","targetHints":{"allow":["GET"]}}],"collection":[{"href":"https:\/\/wau-effekt.net\/waueffekt\/wp-json\/wp\/v2\/pages"}],"about":[{"href":"https:\/\/wau-effekt.net\/waueffekt\/wp-json\/wp\/v2\/types\/page"}],"author":[{"embeddable":true,"href":"https:\/\/wau-effekt.net\/waueffekt\/wp-json\/wp\/v2\/users\/1"}],"replies":[{"embeddable":true,"href":"https:\/\/wau-effekt.net\/waueffekt\/wp-json\/wp\/v2\/comments?post=1302"}],"version-history":[{"count":12,"href":"https:\/\/wau-effekt.net\/waueffekt\/wp-json\/wp\/v2\/pages\/1302\/revisions"}],"predecessor-version":[{"id":1490,"href":"https:\/\/wau-effekt.net\/waueffekt\/wp-json\/wp\/v2\/pages\/1302\/revisions\/1490"}],"wp:attachment":[{"href":"https:\/\/wau-effekt.net\/waueffekt\/wp-json\/wp\/v2\/media?parent=1302"}],"curies":[{"name":"wp","href":"https:\/\/api.w.org\/{rel}","templated":true}]}}